{"id":1322,"date":"2025-10-21T19:24:00","date_gmt":"2025-10-21T17:24:00","guid":{"rendered":"https:\/\/one-microsite.opzet-website.nl\/datenschutzrichtlinie\/"},"modified":"2025-12-15T14:52:58","modified_gmt":"2025-12-15T13:52:58","slug":"datenschutzrichtlinie","status":"publish","type":"page","link":"https:\/\/one-microsite.opzet-website.nl\/de\/datenschutzrichtlinie\/","title":{"rendered":"Datenschutzrichtlinie"},"content":{"rendered":"<p>[et_pb_section fb_built=&#8220;1&#8243; _builder_version=&#8220;4.27.4&#8243; _module_preset=&#8220;default&#8220; global_colors_info=&#8220;{}&#8220;][et_pb_row _builder_version=&#8220;4.27.4&#8243; _module_preset=&#8220;default&#8220; max_width=&#8220;1050px&#8220; hover_enabled=&#8220;0&#8243; global_colors_info=&#8220;{}&#8220; sticky_enabled=&#8220;0&#8243;][et_pb_column type=&#8220;4_4&#8243; _builder_version=&#8220;4.27.4&#8243; _module_preset=&#8220;default&#8220; global_colors_info=&#8220;{}&#8220;][et_pb_text _builder_version=&#8220;4.27.4&#8243; _module_preset=&#8220;default&#8220; hover_enabled=&#8220;0&#8243; global_colors_info=&#8220;{}&#8220; sticky_enabled=&#8220;0&#8243;]<\/p>\n<h1>Eigent\u00fcmer und Datenverantwortlicher<\/h1>\n<p>Anytime Fitness <\/p>\n<p><br \/>,  <\/p>\n<p>E-Mail-Adresse des Eigent\u00fcmers: <\/p>\n<h3><strong>Arten der gesammelten Daten<\/strong><\/h3>\n<p>Zu den Arten von personenbezogenen Daten, die diese Anwendung selbst oder \u00fcber Dritte erhebt, geh\u00f6ren: Vorname; Telefonnummer; E-Mail-Adresse; Cookies; Nutzungsdaten.<\/p>\n<p>Vollst\u00e4ndige Details zu den einzelnen Arten der erhobenen personenbezogenen Daten finden Sie in den entsprechenden Abschnitten dieser Datenschutzerkl\u00e4rung oder in spezifischen Erl\u00e4uterungstexten, die vor der Datenerhebung angezeigt werden.<br \/>Personenbezogene Daten k\u00f6nnen vom Nutzer freiwillig angegeben oder, im Falle von Nutzungsdaten, automatisch bei der Nutzung dieser Anwendung erfasst werden.<br \/>Sofern nicht anders angegeben, sind alle von dieser Anwendung angeforderten Daten obligatorisch. Werden diese Daten nicht bereitgestellt, kann die Anwendung ihre Dienste m\u00f6glicherweise nicht erbringen. In F\u00e4llen, in denen diese Anwendung ausdr\u00fccklich darauf hinweist, dass bestimmte Daten nicht obligatorisch sind, steht es den Nutzern frei, diese Daten nicht anzugeben, ohne dass dies Auswirkungen auf die Verf\u00fcgbarkeit oder die Funktionsweise des Dienstes hat. <br \/>Nutzer, die sich nicht sicher sind, welche personenbezogenen Daten obligatorisch sind, k\u00f6nnen sich gerne an den Inhaber wenden.<br \/>Die Verwendung von Cookies \u2013 oder anderen Tracking-Tools \u2013 durch diese Anwendung oder durch die Inhaber von Drittanbieterdiensten, die von dieser Anwendung genutzt werden, dient dem Zweck, den vom Benutzer angeforderten Dienst bereitzustellen, sowie allen anderen Zwecken, die in diesem Dokument und, falls vorhanden, in der Cookie-Richtlinie beschrieben sind.<\/p>\n<p>Die Nutzer sind f\u00fcr alle personenbezogenen Daten Dritter verantwortlich, die sie \u00fcber diese Anwendung erhalten, ver\u00f6ffentlichen oder weitergeben, und best\u00e4tigen, dass sie die Einwilligung des Dritten zur Weitergabe der Daten an den Inhaber haben.<\/p>\n<h3><strong>Methode und Ort der Datenverarbeitung<\/strong><\/h3>\n<h4><strong>Verarbeitungsmethode<\/strong><\/h4>\n<p>Der Inhaber setzt geeignete Sicherheitsma\u00dfnahmen ein, um unbefugten Zugriff, Offenlegung, \u00c4nderung oder unbefugte Zerst\u00f6rung der Daten zu verhindern.<br \/>Die Datenverarbeitung erfolgt mithilfe von Computern und\/oder IT-gest\u00fctzten Tools gem\u00e4\u00df den organisatorischen Verfahren und Methoden, die eng mit den angegebenen Zwecken verkn\u00fcpft sind. Zus\u00e4tzlich zum Inhaber k\u00f6nnen die Daten in einigen F\u00e4llen bestimmten Verantwortlichen zug\u00e4nglich sein, die mit dem Betrieb dieser Anwendung befasst sind (Verwaltung, Vertrieb, Marketing, Rechtsabteilung, Systemadministration) oder externen Parteien (wie z. B. externen technischen Dienstleistern, Postdienstleistern, Hosting-Anbietern, IT-Unternehmen, Kommunikationsagenturen), die gegebenenfalls vom Inhaber als Auftragsverarbeiter benannt werden. Die aktualisierte Liste dieser Parteien kann jederzeit beim Inhaber angefordert werden.  <\/p>\n<h4><strong>Rechtsgrundlage f\u00fcr die Verarbeitung<\/strong><\/h4>\n<p>Der Inhaber darf personenbezogene Daten von Nutzern verarbeiten, wenn eine der folgenden Bedingungen zutrifft:<\/p>\n<ul>\n<li>Die Nutzer haben ihre Einwilligung f\u00fcr einen oder mehrere bestimmte Zwecke erteilt; Hinweis: In einigen Rechtsordnungen kann der Inhaber personenbezogene Daten verarbeiten, bis der Nutzer Widerspruch einlegt (\u201eOpt-out\u201c), ohne dass eine Einwilligung oder eine andere der folgenden Rechtsgrundlagen erforderlich ist. Dies gilt jedoch nicht, wenn europ\u00e4isches Datenschutzrecht auf die Verarbeitung personenbezogener Daten Anwendung findet; <\/li>\n<li>Die Bereitstellung der Daten ist f\u00fcr die Erf\u00fcllung eines Vertrags mit dem Nutzer und\/oder f\u00fcr vorvertragliche Verpflichtungen erforderlich;<\/li>\n<li>Die Verarbeitung ist erforderlich, um eine rechtliche Verpflichtung zu erf\u00fcllen, der der Inhaber unterliegt.<\/li>\n<li>Die Verarbeitung steht im Zusammenhang mit einer Aufgabe, die im \u00f6ffentlichen Interesse liegt oder in Aus\u00fcbung \u00f6ffentlicher Gewalt erfolgt, die dem Verantwortlichen \u00fcbertragen wurde;<\/li>\n<li>Die Verarbeitung ist zur Wahrung der berechtigten Interessen des Inhabers oder eines Dritten erforderlich.<\/li>\n<\/ul>\n<p>Der Inhaber wird Ihnen in jedem Fall gerne dabei helfen, die konkrete Rechtsgrundlage f\u00fcr die Verarbeitung zu kl\u00e4ren, insbesondere ob die Bereitstellung personenbezogener Daten eine gesetzliche oder vertragliche Verpflichtung oder eine Voraussetzung f\u00fcr den Abschluss eines Vertrags ist.<\/p>\n<h4><strong>Standort<\/strong><\/h4>\n<p>Die Datenverarbeitung erfolgt in den Gesch\u00e4ftsr\u00e4umen des Eigent\u00fcmers sowie an allen anderen Orten, an denen sich die an der Verarbeitung beteiligten Parteien befinden.<\/p>\n<p>Je nach Standort des Nutzers kann die Daten\u00fcbertragung die \u00dcbermittlung seiner Daten in ein anderes Land als sein Heimatland umfassen. Weitere Informationen zum Ort der Verarbeitung dieser \u00fcbermittelten Daten finden Nutzer im Abschnitt \u201eDetails zur Verarbeitung personenbezogener Daten\u201c. <\/p>\n<p>Nutzer haben au\u00dferdem das Recht, Informationen \u00fcber die Rechtsgrundlage f\u00fcr Daten\u00fcbermittlungen in ein Land au\u00dferhalb der Europ\u00e4ischen Union oder an eine internationale Organisation, die dem V\u00f6lkerrecht unterliegt oder von zwei oder mehr L\u00e4ndern gegr\u00fcndet wurde, wie beispielsweise die Vereinten Nationen, sowie \u00fcber die vom Inhaber getroffenen Sicherheitsma\u00dfnahmen zum Schutz ihrer Daten zu erhalten.<\/p>\n<p>Im Falle einer solchen \u00dcbertragung k\u00f6nnen sich die Nutzer in den entsprechenden Abschnitten dieses Dokuments informieren oder sich unter Angabe der im Kontaktbereich angegebenen Informationen an den Eigent\u00fcmer wenden.<\/p>\n<h4><strong>Aufbewahrungszeit<\/strong><\/h4>\n<p>Personenbezogene Daten werden so lange verarbeitet und gespeichert, wie es f\u00fcr den Zweck, f\u00fcr den sie erhoben wurden, erforderlich ist.<\/p>\n<p>Daher gilt Folgendes:<\/p>\n<ul>\n<li>Personenbezogene Daten, die zum Zwecke der Erf\u00fcllung eines Vertrags zwischen dem Inhaber und dem Nutzer erhoben werden, werden bis zur vollst\u00e4ndigen Erf\u00fcllung dieses Vertrags aufbewahrt.<\/li>\n<li>Personenbezogene Daten, die zum Zwecke der berechtigten Interessen des Inhabers erhoben werden, werden so lange gespeichert, wie es zur Erf\u00fcllung dieser Zwecke erforderlich ist. Nutzer k\u00f6nnen spezifische Informationen zu den vom Inhaber verfolgten berechtigten Interessen in den entsprechenden Abschnitten dieses Dokuments oder durch Kontaktaufnahme mit dem Inhaber finden. <\/li>\n<\/ul>\n<p>Der Inhaber darf personenbezogene Daten l\u00e4nger speichern, wenn der Nutzer in diese Verarbeitung eingewilligt hat, solange diese Einwilligung nicht widerrufen wird. Dar\u00fcber hinaus kann der Inhaber verpflichtet sein, personenbezogene Daten l\u00e4nger zu speichern, wenn dies zur Erf\u00fcllung einer rechtlichen Verpflichtung oder auf Anordnung einer Beh\u00f6rde erforderlich ist. <\/p>\n<p>Nach Ablauf der Aufbewahrungsfrist werden personenbezogene Daten gel\u00f6scht. Daher k\u00f6nnen das Recht auf Auskunft, das Recht auf L\u00f6schung, das Recht auf Berichtigung und das Recht auf Daten\u00fcbertragbarkeit nach Ablauf der Aufbewahrungsfrist nicht mehr geltend gemacht werden. <\/p>\n<h4><strong>Zweck der Verarbeitung<\/strong><\/h4>\n<p>Die Daten \u00fcber den Nutzer werden erhoben, um dem Inhaber die Erbringung seiner Dienstleistungen zu erm\u00f6glichen, sowie f\u00fcr folgende Zwecke: Kontaktaufnahme mit dem Nutzer und Analyse.<\/p>\n<p>Weitere detaillierte Informationen \u00fcber die Zwecke der Datenverarbeitung und die f\u00fcr jeden Zweck verwendeten spezifischen personenbezogenen Daten finden die Nutzer in den entsprechenden Abschnitten dieses Dokuments.<\/p>\n<h4><strong>Detaillierte Informationen zur Verarbeitung personenbezogener Daten<\/strong><\/h4>\n<p>Personenbezogene Daten werden zu folgenden Zwecken und unter Verwendung der folgenden Dienste erhoben:<\/p>\n<p>\u2013 Analyse<br \/>\u2013 Nutzerkontakt<\/p>\n<h4><strong>Nutzerrechte<\/strong><\/h4>\n<p>Nutzer k\u00f6nnen bestimmte Rechte hinsichtlich ihrer vom Inhaber verarbeiteten Daten aus\u00fcben.<\/p>\n<p>Insbesondere haben Nutzer das Recht, Folgendes zu tun:<\/p>\n<ul>\n<li>Nutzer k\u00f6nnen ihre Einwilligung jederzeit widerrufen. Sie haben das Recht, ihre Einwilligung zur Verarbeitung ihrer personenbezogenen Daten zu widerrufen, sofern sie diese zuvor erteilt haben. <\/li>\n<li>Widerspruch gegen die Verarbeitung Ihrer Daten. Sie haben das Recht, der Verarbeitung Ihrer Daten zu widersprechen, wenn diese auf einer anderen Rechtsgrundlage als Ihrer Einwilligung beruht. Weitere Informationen finden Sie im entsprechenden Abschnitt weiter unten.  <\/li>\n<li>Zugriff auf ihre Daten. Nutzer haben das Recht zu erfahren, ob der Inhaber die Datenverarbeitung durchf\u00fchrt, Auskunft \u00fcber bestimmte Aspekte der Verarbeitung zu erhalten und eine Kopie der verarbeiteten Daten zu erhalten. <\/li>\n<li>Zur \u00dcberpr\u00fcfung und Beantragung von Korrekturen. Nutzer haben das Recht, die Richtigkeit ihrer Daten zu \u00fcberpr\u00fcfen und deren Aktualisierung oder Korrektur zu beantragen. <\/li>\n<li>Nutzer haben unter bestimmten Umst\u00e4nden das Recht, die Verarbeitung ihrer Daten einzuschr\u00e4nken. In diesem Fall verarbeitet der Inhaber die Daten ausschlie\u00dflich zu Speicherzwecken.  <\/li>\n<li>Nutzer haben das Recht, ihre personenbezogenen Daten l\u00f6schen oder anderweitig entfernen zu lassen. Unter bestimmten Umst\u00e4nden k\u00f6nnen Nutzer vom Inhaber die L\u00f6schung ihrer Daten verlangen. <\/li>\n<li>Nutzer haben das Recht, ihre Daten in einem strukturierten, g\u00e4ngigen und maschinenlesbaren Format zu erhalten und diese, sofern technisch m\u00f6glich, ungehindert an einen anderen Verantwortlichen zu \u00fcbermitteln. Diese Bestimmung gilt, sofern die Daten automatisiert verarbeitet werden und die Verarbeitung auf der Einwilligung des Nutzers, einem Vertrag, dessen Vertragspartei der Nutzer ist, oder vorvertraglichen Verpflichtungen beruht. <\/li>\n<li>Um eine Beschwerde einzureichen. Nutzer haben das Recht, eine Beschwerde bei ihrer zust\u00e4ndigen Datenschutzbeh\u00f6rde einzureichen. <\/li>\n<\/ul>\n<h4><strong>Meer informatie over het recht om tegen verwerking bezwaar te maken<\/strong><\/h4>\n<p>Sofern personenbezogene Daten im \u00f6ffentlichen Interesse, in Aus\u00fcbung einer dem Inhaber \u00fcbertragenen \u00f6ffentlichen Gewalt oder zur Wahrung der berechtigten Interessen des Inhabers verarbeitet werden, k\u00f6nnen die Nutzer dieser Verarbeitung aus Gr\u00fcnden widersprechen, die sich aus ihrer besonderen Situation ergeben und den Widerspruch rechtfertigen.<\/p>\n<p>Nutzer m\u00fcssen wissen, dass sie der Verarbeitung ihrer personenbezogenen Daten zu Direktmarketingzwecken jederzeit ohne Angabe von Gr\u00fcnden widersprechen k\u00f6nnen. Ob der Inhaber personenbezogene Daten zu Direktmarketingzwecken verarbeitet, erfahren Nutzer in den entsprechenden Abschnitten dieses Dokuments. <\/p>\n<h4><strong>Wie Sie diese Rechte aus\u00fcben k\u00f6nnen<\/strong><\/h4>\n<p>Anfragen zur Aus\u00fcbung von Nutzerrechten k\u00f6nnen \u00fcber die in diesem Dokument angegebenen Kontaktdaten an den Eigent\u00fcmer gerichtet werden. Die Aus\u00fcbung dieser Rechte ist kostenlos und die Anfragen werden vom Eigent\u00fcmer schnellstm\u00f6glich, sp\u00e4testens jedoch innerhalb eines Monats, bearbeitet. <\/p>\n<h4><strong>Weitere Informationen zur Datenerhebung und -verarbeitung sowie zu<\/strong> <strong>Gerichtsverfahren<\/strong><\/h4>\n<p>Die personenbezogenen Daten des Nutzers k\u00f6nnen vom Inhaber zu rechtlichen Zwecken vor Gericht oder in den Phasen vor m\u00f6glichen rechtlichen Schritten, die sich aus der unsachgem\u00e4\u00dfen Nutzung dieser Anwendung oder der damit verbundenen Dienste ergeben, verwendet werden.<\/p>\n<p>Der Nutzer erkl\u00e4rt, sich dar\u00fcber im Klaren zu sein, dass der Inhaber auf Anfrage von Beh\u00f6rden zur Offenlegung personenbezogener Daten verpflichtet sein kann.<\/p>\n<h4><strong>Zus\u00e4tzliche Informationen zu den personenbezogenen Daten des Nutzers<\/strong><\/h4>\n<p>Zus\u00e4tzlich zu den in dieser Datenschutzerkl\u00e4rung enthaltenen Informationen kann diese Anwendung dem Nutzer auf Anfrage weitere und kontextbezogene Informationen zu bestimmten Diensten oder zur Erhebung und Verarbeitung personenbezogener Daten bereitstellen.<\/p>\n<h4><strong>Systemprotokolle und Wartung<\/strong><\/h4>\n<p>F\u00fcr Betriebs- und Wartungszwecke k\u00f6nnen diese Anwendung und alle Drittanbieterdienste Dateien sammeln, die die Interaktion mit dieser Anwendung aufzeichnen (Systemprotokolle), und zu diesem Zweck andere personenbezogene Daten (wie die IP-Adresse) verwenden.<\/p>\n<h4><strong>Informationen, die nicht in dieser Richtlinie enthalten sind<\/strong><\/h4>\n<p>Weitere Einzelheiten zur Erhebung oder Verarbeitung personenbezogener Daten k\u00f6nnen jederzeit beim Verantwortlichen angefordert werden. Die Kontaktdaten finden Sie am Anfang dieses Dokuments. <\/p>\n<h4><strong>Wie werden \u201eNicht verfolgen\u201c-Anfragen behandelt?<\/strong><\/h4>\n<p>Diese Anwendung unterst\u00fctzt keine \u201eDo Not Track\u201c-Anfragen.<br \/>Um festzustellen, ob die von ihr verwendeten Drittanbieterdienste \u201eDo Not Track\u201c-Anfragen ber\u00fccksichtigen, lesen Sie bitte deren Datenschutzrichtlinien.<\/p>\n<h4><strong>\u00c4nderungen dieser Datenschutzrichtlinie<\/strong><\/h4>\n<p>Der Inhaber beh\u00e4lt sich das Recht vor, diese Datenschutzrichtlinie jederzeit zu \u00e4ndern, indem er die Nutzer auf dieser Seite und gegebenenfalls innerhalb dieser Anwendung dar\u00fcber informiert und\/oder \u2013 soweit technisch und rechtlich m\u00f6glich \u2013 eine Benachrichtigung an die Nutzer \u00fcber die dem Inhaber vorliegenden Kontaktdaten sendet. Es wird dringend empfohlen, diese Seite regelm\u00e4\u00dfig zu besuchen und das Datum der letzten \u00c4nderung am Ende der Seite zu beachten.  <\/p>\n<p>Sollten die \u00c4nderungen die Verarbeitungst\u00e4tigkeiten betreffen, die auf Grundlage der Einwilligung des Nutzers durchgef\u00fchrt werden, holt der Inhaber gegebenenfalls eine neue Einwilligung des Nutzers ein.<\/p>\n<p>[\/et_pb_text][\/et_pb_column][\/et_pb_row][\/et_pb_section]<\/p>\n","protected":false},"excerpt":{"rendered":"<p>Eigent\u00fcmer und Datenverantwortlicher Anytime Fitness&#8230;<\/p>\n","protected":false},"author":1,"featured_media":0,"parent":0,"menu_order":0,"comment_status":"closed","ping_status":"closed","template":"","meta":{"_et_pb_use_builder":"on","_et_pb_old_content":"","_et_gb_content_width":"","footnotes":""},"class_list":["post-1322","page","type-page","status-publish","hentry"],"yoast_head":"<!-- This site is optimized with the Yoast SEO plugin v26.9 - https:\/\/yoast.com\/product\/yoast-seo-wordpress\/ -->\n<title>Datenschutzrichtlinie - Anytime Fitness microsite<\/title>\n<meta name=\"robots\" content=\"noindex, nofollow\" \/>\n<meta property=\"og:locale\" content=\"de_DE\" \/>\n<meta property=\"og:type\" content=\"article\" \/>\n<meta property=\"og:title\" content=\"Datenschutzrichtlinie - Anytime Fitness microsite\" \/>\n<meta property=\"og:description\" content=\"Eigent\u00fcmer und Datenverantwortlicher Anytime Fitness...\" \/>\n<meta property=\"og:url\" content=\"https:\/\/one-microsite.opzet-website.nl\/de\/wp-json\/wp\/v2\/pages\/1322\" \/>\n<meta property=\"og:site_name\" content=\"Anytime Fitness microsite\" \/>\n<meta property=\"article:modified_time\" content=\"2025-12-15T13:52:58+00:00\" \/>\n<meta name=\"twitter:card\" content=\"summary_large_image\" \/>\n<meta name=\"twitter:label1\" content=\"Gesch\u00e4tzte Lesezeit\" \/>\n\t<meta name=\"twitter:data1\" content=\"9\u00a0Minuten\" \/>\n<!-- \/ Yoast SEO plugin. -->","yoast_head_json":{"title":"Datenschutzrichtlinie - Anytime Fitness microsite","robots":{"index":"noindex","follow":"nofollow"},"og_locale":"de_DE","og_type":"article","og_title":"Datenschutzrichtlinie - Anytime Fitness microsite","og_description":"Eigent\u00fcmer und Datenverantwortlicher Anytime Fitness...","og_url":"https:\/\/one-microsite.opzet-website.nl\/de\/wp-json\/wp\/v2\/pages\/1322","og_site_name":"Anytime Fitness microsite","article_modified_time":"2025-12-15T13:52:58+00:00","twitter_card":"summary_large_image","twitter_misc":{"Gesch\u00e4tzte Lesezeit":"9\u00a0Minuten"},"schema":{"@context":"https:\/\/schema.org","@graph":[{"@type":"WebPage","@id":"https:\/\/one-microsite.opzet-website.nl\/de\/datenschutzrichtlinie\/","url":"https:\/\/one-microsite.opzet-website.nl\/de\/datenschutzrichtlinie\/","name":"Datenschutzrichtlinie - Anytime Fitness microsite","isPartOf":{"@id":"https:\/\/one-microsite.opzet-website.nl\/de\/#website"},"datePublished":"2025-10-21T17:24:00+00:00","dateModified":"2025-12-15T13:52:58+00:00","breadcrumb":{"@id":"https:\/\/one-microsite.opzet-website.nl\/de\/datenschutzrichtlinie\/#breadcrumb"},"inLanguage":"de","potentialAction":[{"@type":"ReadAction","target":["https:\/\/one-microsite.opzet-website.nl\/de\/datenschutzrichtlinie\/"]}]},{"@type":"BreadcrumbList","@id":"https:\/\/one-microsite.opzet-website.nl\/de\/datenschutzrichtlinie\/#breadcrumb","itemListElement":[{"@type":"ListItem","position":1,"name":"Home","item":"https:\/\/one-microsite.opzet-website.nl\/de\/"},{"@type":"ListItem","position":2,"name":"Datenschutzrichtlinie"}]},{"@type":"WebSite","@id":"https:\/\/one-microsite.opzet-website.nl\/de\/#website","url":"https:\/\/one-microsite.opzet-website.nl\/de\/","name":"Anytime Fitness","description":"","potentialAction":[{"@type":"SearchAction","target":{"@type":"EntryPoint","urlTemplate":"https:\/\/one-microsite.opzet-website.nl\/de\/?s={search_term_string}"},"query-input":{"@type":"PropertyValueSpecification","valueRequired":true,"valueName":"search_term_string"}}],"inLanguage":"de"}]}},"_links":{"self":[{"href":"https:\/\/one-microsite.opzet-website.nl\/de\/wp-json\/wp\/v2\/pages\/1322","targetHints":{"allow":["GET"]}}],"collection":[{"href":"https:\/\/one-microsite.opzet-website.nl\/de\/wp-json\/wp\/v2\/pages"}],"about":[{"href":"https:\/\/one-microsite.opzet-website.nl\/de\/wp-json\/wp\/v2\/types\/page"}],"author":[{"embeddable":true,"href":"https:\/\/one-microsite.opzet-website.nl\/de\/wp-json\/wp\/v2\/users\/1"}],"replies":[{"embeddable":true,"href":"https:\/\/one-microsite.opzet-website.nl\/de\/wp-json\/wp\/v2\/comments?post=1322"}],"version-history":[{"count":0,"href":"https:\/\/one-microsite.opzet-website.nl\/de\/wp-json\/wp\/v2\/pages\/1322\/revisions"}],"wp:attachment":[{"href":"https:\/\/one-microsite.opzet-website.nl\/de\/wp-json\/wp\/v2\/media?parent=1322"}],"curies":[{"name":"wp","href":"https:\/\/api.w.org\/{rel}","templated":true}]}}