{"id":1200,"date":"2025-10-21T19:31:03","date_gmt":"2025-10-21T17:31:03","guid":{"rendered":"https:\/\/one-microsite.opzet-website.nl\/vorschriften-fuer-ausruestung-und-anlagen\/"},"modified":"2025-12-14T12:59:17","modified_gmt":"2025-12-14T11:59:17","slug":"vorschriften-fuer-ausruestung-und-anlagen","status":"publish","type":"page","link":"https:\/\/one-microsite.opzet-website.nl\/de\/vorschriften-fuer-ausruestung-und-anlagen\/","title":{"rendered":"Vorschriften f\u00fcr Ausr\u00fcstung und Anlagen"},"content":{"rendered":"<p>[et_pb_section fb_built=&#8220;1&#8243; _builder_version=&#8220;4.27.4&#8243; _module_preset=&#8220;default&#8220; global_colors_info=&#8220;{}&#8220;][et_pb_row _builder_version=&#8220;4.27.4&#8243; _module_preset=&#8220;default&#8220; max_width=&#8220;1050px&#8220; hover_enabled=&#8220;0&#8243; global_colors_info=&#8220;{}&#8220; sticky_enabled=&#8220;0&#8243;][et_pb_column type=&#8220;4_4&#8243; _builder_version=&#8220;4.27.4&#8243; _module_preset=&#8220;default&#8220; global_colors_info=&#8220;{}&#8220;][et_pb_text _builder_version=&#8220;4.27.4&#8243; _module_preset=&#8220;default&#8220; global_colors_info=&#8220;{}&#8220;]<\/p>\n<h1>Vorschriften f\u00fcr Ausr\u00fcstung und Anlagen<\/h1>\n<div class=\"one_line_col\">\n<p>MUSS VON JEDEM MITGLIED \u00dcBER 18 JAHREN UNTERSCHRIEBEN WERDEN (ODER VON EINEM ELTERNTEIL\/ERZIEHUNGSBERECHTIGTEN, WENN DAS MITGLIED UNTER 18 JAHREN IST)<\/p>\n<p>Unser Club bietet Ihnen eine Vielzahl an Ger\u00e4ten, mit denen Sie Ihre Fitnessziele erreichen k\u00f6nnen. Bei der kostenlosen Fitness-Einf\u00fchrung\/dem kostenlosen Schnuppertermin erhalten Sie eine Erkl\u00e4rung zur Funktionsweise der Ger\u00e4te. Die folgenden Regeln erl\u00e4utern kurz, was Sie w\u00e4hrend des Trainings mit den jeweiligen Ger\u00e4ten beachten sollten.  <\/p>\n<h3><strong>LAUFB\u00c4NKE:<\/strong><\/h3>\n<p>&#8211; Laufb\u00e4nder erm\u00f6glichen Gehen oder Laufen auf der Stelle. Bevor Sie mit dem Training auf dem Laufband beginnen:<br \/>o Stellen Sie sicher, dass das Laufband stillsteht.<br \/>o Binden Sie Ihre Schn\u00fcrsenkel und legen Sie baumelnden Schmuck ab.<br \/>o Vergewissern Sie sich, dass das Laufband angeschlossen ist und das Display leuchtet.<br \/>o Legen Sie den Sicherheitsgurt an, bevor Sie das Laufband starten.<br \/>o Lassen Sie den Sicherheitsgurt nach dem Training erst los, wenn das Laufband vollst\u00e4ndig zum Stillstand gekommen ist. Steigen Sie NIEMALS vom Laufband ab, bevor es vollst\u00e4ndig zum Stillstand gekommen ist.  <\/p>\n<h3><strong>FAHRR\u00c4DER:<\/strong><\/h3>\n<p>&#8211; Radfahren beginnt mit dem Treten in die Pedale. Bevor Sie losfahren:<br \/>o Stellen Sie Ihren Sattel ein.<br \/>o Benutzen Sie die Fu\u00dfschlaufen, um ein Abrutschen zu verhindern.<br \/>o Binden Sie Ihre Schn\u00fcrsenkel und legen Sie baumelnden Schmuck ab. <\/p>\n<h3><strong>KREUZLEITERN usw.:<\/strong><\/h3>\n<p>&#8211; Das Ger\u00e4t ist einsatzbereit, sobald Sie mit dem Treten beginnen. Bevor Sie mit dem Training beginnen:<br \/>o Binden Sie Ihre Schn\u00fcrsenkel und legen Sie baumelnden Schmuck ab.<br \/>o Lassen Sie w\u00e4hrend der Benutzung beide F\u00fc\u00dfe auf den Pedalen\/Stufen.<br \/>o Stellen Sie sicher, dass die Pedale\/Stufen vollst\u00e4ndig zum Stillstand gekommen sind, bevor Sie absteigen. <\/p>\n<h3><strong>KRAFTLEISTUNGEN:<\/strong><\/h3>\n<p>&#8211; Bevor Sie mit dem Training an Kraftger\u00e4ten beginnen, stellen Sie diese wie folgt ein:<br \/>o Stellen Sie Sitz und andere Einstellungen auf die passende H\u00f6he ein.<br \/>o Stellen Sie die Gewichte auf das passende Gewicht ein.<br \/>o Legen Sie lose Kleidung, Schmuck usw. ab.<br \/>o Beachten Sie alle Warnhinweise (auf dem Ger\u00e4t).<br \/>o Halten Sie beim Training H\u00e4nde und F\u00fc\u00dfe von Gewichten, beweglichen Teilen und Kabeln fern. Verwenden Sie die vorgesehenen Hand- und Fu\u00dfgriffe.<br \/>o Achten Sie NIEMALS auf die korrekte Ausf\u00fchrung der \u00dcbungen, nur um mehr Gewicht zu heben.<br \/>o Verwenden Sie NIEMALS defekte Ger\u00e4te.<br \/>o Ver\u00e4ndern Sie die Ger\u00e4te NICHT mit zus\u00e4tzlichen Gewichten, Kabeln oder anderem Zubeh\u00f6r. <\/p>\n<h3><strong>FREIE GEWICHTE:<\/strong><\/h3>\n<p>&#8211; Freie Gewichte umfassen Kurzhanteln, Langhanteln und Gewichtsscheiben. Vor dem Training mit freien Gewichten:<br \/>o Lose Kleidung, Schmuck usw. ablegen.<br \/>o Mit einem angemessenen Gewicht trainieren.<br \/>o Alle Warnhinweise am Ger\u00e4t beachten.<br \/>o Niemals die korrekte Ausf\u00fchrung vernachl\u00e4ssigen, nur um mehr Gewicht zu heben.<br \/>o Niemals defekte Ger\u00e4te benutzen.<br \/>o Immer mit jemandem trainieren, der Ihnen beim Heben der Gewichte helfen kann.<br \/>Gewichte niemals fallen lassen. Nach dem Training wieder an ihren urspr\u00fcnglichen Platz zur\u00fccklegen.  <\/p>\n<h3><strong>VIRTUELLES TRAINING:<\/strong><\/h3>\n<p>&#8211; Bei der Teilnahme an virtuellen Trainings, virtuellen Gruppenkursen oder virtuellen Spinning-Kursen beachten Sie bitte die Sicherheitsrichtlinien des jeweiligen Trainers. Die Teilnahme an virtuellen Trainings erfolgt auf eigene Gefahr. <\/p>\n<h3><strong>SICHERHEIT<\/strong>:<\/h3>\n<p>Das Geb\u00e4ude, der Club und seine Einrichtungen werden rund um die Uhr video\u00fcberwacht. Dieses \u00dcberwachungssystem dient Ihrer Sicherheit. Trotz der Video\u00fcberwachung raten wir allen Mitgliedern, beim Betreten und Verlassen des Geb\u00e4udes Vorsicht walten zu lassen. Sollten Sie sich bedroht f\u00fchlen oder verd\u00e4chtige Aktivit\u00e4ten beobachten, steht Ihnen eine kostenlose Telefonnummer zur Verf\u00fcgung. Bitte lassen Sie niemanden an die T\u00fcr klopfen oder Ihnen zuwinken, damit er \u00f6ffnet, da dies ein Risiko f\u00fcr Sie und andere Mitglieder darstellen kann. Sollten Nicht-Mitglieder Zutritt zum Club erhalten, werden entsprechende Ma\u00dfnahmen ergriffen. Jeder Anytime Fitness Club verf\u00fcgt \u00fcber individuelle Sicherheitsmerkmale und ist mit Notrufkn\u00f6pfen und medizinischen Rufkn\u00f6pfen ausgestattet. Diese dienen dazu, die zust\u00e4ndigen Beh\u00f6rden (Polizei, Rettungsdienst) zu alarmieren, falls Sie sich bedroht f\u00fchlen oder medizinische Hilfe ben\u00f6tigen.       <\/p>\n<h3><strong>TOILETTEN UND DUSCHEN:<\/strong><\/h3>\n<p>&#8211; Sowohl die Toiletten als auch die Duschen sind abschlie\u00dfbar. Bitte halten Sie diesen Bereich sauber und seien Sie beim Betreten und Verlassen vorsichtig, da die B\u00f6den nass sein k\u00f6nnen. <\/p>\n<h3><strong>VERLETZUNGEN UND ERSTE HILFE:<\/strong><\/h3>\n<p>&#8211; Falls Sie oder eine andere Person verletzt werden:<br \/>o Bei kleineren Verletzungen (Schnittwunden, Sch\u00fcrfwunden usw.) steht ein Erste-Hilfe-Set in der Trainingshalle bereit.<br \/>o Bei schweren Verletzungen, die \u00e4rztliche Behandlung erfordern, w\u00e4hlen Sie bitte die 112 (geb\u00fchrenfrei, Telefonnummer in der Trainingshalle). Ein AED (Automatisierter Externer Defibrillator) f\u00fcr die Herz-Lungen-Wiederbelebung (HLW) ist vorhanden.<br \/>o Melden Sie alle Verletzungen dem Verein telefonisch unter der im Verein angegebenen Telefonnummer oder per E-Mail an die Vereins-E-Mail-Adresse.  <\/p>\n<h3><strong>STROMAUSFALL:<\/strong><\/h3>\n<p>&#8211; Bei einem Stromausfall weist Ihnen die vorhandene Beleuchtung den Weg zu den Notausg\u00e4ngen. Die Notausgangst\u00fcr kann im Falle eines Stromausfalls manuell bet\u00e4tigt werden. <\/p>\n<h3><strong>FEUER<\/strong>:<\/h3>\n<p>&#8211; Im Brandfall oder wenn Sie Rauch riechen oder sehen, verlassen Sie das Geb\u00e4ude sofort. Rufen Sie anschlie\u00dfend umgehend die Notrufnummer 112 an. <\/p>\n<h3><strong>VERSCHIEDENES<\/strong>:<\/h3>\n<p>Dar\u00fcber hinaus m\u00fcssen Sie alle Anweisungen des Trainers oder eines anderen Mitarbeiters befolgen. Bei Fragen oder Anmerkungen zur Ger\u00e4tebedienung wenden Sie sich bitte w\u00e4hrend der Betreuungszeiten an einen Trainer oder Mitarbeiter oder vereinbaren Sie einen Termin f\u00fcr eine Erkl\u00e4rung\/Anleitung. Benutzen Sie die Ger\u00e4te nicht, wenn Sie sich \u00fcber deren Bedienung unsicher sind.  <\/p>\n<h3><strong>MITGLIEDERINFORMATION:<\/strong><\/h3>\n<p>Ich best\u00e4tige, dass ich alle Ger\u00e4te verstehe und alle Notausg\u00e4nge und Sicherheitsvorkehrungen bedienen kann. Ich habe die Hausordnung des Clubs gelesen und stimme ihr zu. Mir sind die Risiken bewusst, die mit der Nutzung von Fitnessger\u00e4ten und dem Training ohne Anleitung oder Aufsicht verbunden sind.  <\/p>\n<p>Ich erkl\u00e4re mich damit einverstanden, den Club und seine Mitarbeiter von jeglicher Haftung freizustellen, die aus meiner Nutzung der Ger\u00e4te oder Einrichtungen des Clubs oder aus einem Vorfall w\u00e4hrend der Nutzung der Einrichtungen entsteht oder damit in Zusammenhang steht. Mir ist bekannt, dass Anytime Fitness\u00ae eine Marke der Anytime Fitness LLC ist. Dieser Club ist lizenziert, in unabh\u00e4ngigem Besitz und wird eigenst\u00e4ndig betrieben.  <\/p>\n<p>Mir ist bekannt, dass dieses Formular umfassend sein soll und den geltenden Gesetzen entspricht, wodurch es rechtsverbindlich ist. Sollte ein Teil dieses Formulars aufgrund gesetzlicher Bestimmungen f\u00fcr ung\u00fcltig erkl\u00e4rt werden, bleibt der Rest des Formulars dennoch g\u00fcltig. Als Elternteil oder Erziehungsberechtigter eines Minderj\u00e4hrigen \u00fcbernehmen Sie die volle Verantwortung f\u00fcr alle Handlungen, Sch\u00e4den, Verletzungen oder Sachverluste. Ein Versto\u00df gegen unsere Regeln kann zum Verlust der Mitgliedschaft f\u00fchren.   <\/p>\n<p>Ik heb dit formulier zorgvuldig gelezen en ik begrijp de inhoud, waardoor ik bewust en vrijwillig dit formulier onderteken.<\/p>\n<p>F\u00fcr Mitglieder unter 18 Jahren: Hiermit best\u00e4tige ich als Elternteil\/Erziehungsberechtigter, dass ich diese Regeln gelesen habe und ihnen zustimme. Ich \u00fcbernehme die Verantwortung f\u00fcr alle Folgen, die sich aus der Nichteinhaltung dieser Regeln ergeben. <\/p>\n<\/div>\n<p>[\/et_pb_text][\/et_pb_column][\/et_pb_row][\/et_pb_section]<\/p>\n","protected":false},"excerpt":{"rendered":"<p>Vorschriften f\u00fcr Ausr\u00fcstung und Anlagen MUSS VON&#8230;<\/p>\n","protected":false},"author":1,"featured_media":0,"parent":0,"menu_order":0,"comment_status":"closed","ping_status":"closed","template":"","meta":{"_et_pb_use_builder":"on","_et_pb_old_content":"","_et_gb_content_width":"","footnotes":""},"class_list":["post-1200","page","type-page","status-publish","hentry"],"yoast_head":"<!-- This site is optimized with the Yoast SEO plugin v26.9 - https:\/\/yoast.com\/product\/yoast-seo-wordpress\/ -->\n<title>Vorschriften f\u00fcr Ausr\u00fcstung und Anlagen - Anytime Fitness microsite<\/title>\n<meta name=\"robots\" content=\"noindex, nofollow\" \/>\n<meta property=\"og:locale\" content=\"de_DE\" \/>\n<meta property=\"og:type\" content=\"article\" \/>\n<meta property=\"og:title\" content=\"Vorschriften f\u00fcr Ausr\u00fcstung und Anlagen - Anytime Fitness microsite\" \/>\n<meta property=\"og:description\" content=\"Vorschriften f\u00fcr Ausr\u00fcstung und Anlagen MUSS VON...\" \/>\n<meta property=\"og:url\" content=\"https:\/\/one-microsite.opzet-website.nl\/de\/wp-json\/wp\/v2\/pages\/1200\" \/>\n<meta property=\"og:site_name\" content=\"Anytime Fitness microsite\" \/>\n<meta property=\"article:modified_time\" content=\"2025-12-14T11:59:17+00:00\" \/>\n<meta name=\"twitter:card\" content=\"summary_large_image\" \/>\n<meta name=\"twitter:label1\" content=\"Gesch\u00e4tzte Lesezeit\" \/>\n\t<meta name=\"twitter:data1\" content=\"6\u00a0Minuten\" \/>\n<!-- \/ Yoast SEO plugin. -->","yoast_head_json":{"title":"Vorschriften f\u00fcr Ausr\u00fcstung und Anlagen - Anytime Fitness microsite","robots":{"index":"noindex","follow":"nofollow"},"og_locale":"de_DE","og_type":"article","og_title":"Vorschriften f\u00fcr Ausr\u00fcstung und Anlagen - Anytime Fitness microsite","og_description":"Vorschriften f\u00fcr Ausr\u00fcstung und Anlagen MUSS VON...","og_url":"https:\/\/one-microsite.opzet-website.nl\/de\/wp-json\/wp\/v2\/pages\/1200","og_site_name":"Anytime Fitness microsite","article_modified_time":"2025-12-14T11:59:17+00:00","twitter_card":"summary_large_image","twitter_misc":{"Gesch\u00e4tzte Lesezeit":"6\u00a0Minuten"},"schema":{"@context":"https:\/\/schema.org","@graph":[{"@type":"WebPage","@id":"https:\/\/one-microsite.opzet-website.nl\/de\/vorschriften-fuer-ausruestung-und-anlagen\/","url":"https:\/\/one-microsite.opzet-website.nl\/de\/vorschriften-fuer-ausruestung-und-anlagen\/","name":"Vorschriften f\u00fcr Ausr\u00fcstung und Anlagen - Anytime Fitness microsite","isPartOf":{"@id":"https:\/\/one-microsite.opzet-website.nl\/de\/#website"},"datePublished":"2025-10-21T17:31:03+00:00","dateModified":"2025-12-14T11:59:17+00:00","breadcrumb":{"@id":"https:\/\/one-microsite.opzet-website.nl\/de\/vorschriften-fuer-ausruestung-und-anlagen\/#breadcrumb"},"inLanguage":"de","potentialAction":[{"@type":"ReadAction","target":["https:\/\/one-microsite.opzet-website.nl\/de\/vorschriften-fuer-ausruestung-und-anlagen\/"]}]},{"@type":"BreadcrumbList","@id":"https:\/\/one-microsite.opzet-website.nl\/de\/vorschriften-fuer-ausruestung-und-anlagen\/#breadcrumb","itemListElement":[{"@type":"ListItem","position":1,"name":"Home","item":"https:\/\/one-microsite.opzet-website.nl\/de\/"},{"@type":"ListItem","position":2,"name":"Vorschriften f\u00fcr Ausr\u00fcstung und Anlagen"}]},{"@type":"WebSite","@id":"https:\/\/one-microsite.opzet-website.nl\/de\/#website","url":"https:\/\/one-microsite.opzet-website.nl\/de\/","name":"Anytime Fitness","description":"","potentialAction":[{"@type":"SearchAction","target":{"@type":"EntryPoint","urlTemplate":"https:\/\/one-microsite.opzet-website.nl\/de\/?s={search_term_string}"},"query-input":{"@type":"PropertyValueSpecification","valueRequired":true,"valueName":"search_term_string"}}],"inLanguage":"de"}]}},"_links":{"self":[{"href":"https:\/\/one-microsite.opzet-website.nl\/de\/wp-json\/wp\/v2\/pages\/1200","targetHints":{"allow":["GET"]}}],"collection":[{"href":"https:\/\/one-microsite.opzet-website.nl\/de\/wp-json\/wp\/v2\/pages"}],"about":[{"href":"https:\/\/one-microsite.opzet-website.nl\/de\/wp-json\/wp\/v2\/types\/page"}],"author":[{"embeddable":true,"href":"https:\/\/one-microsite.opzet-website.nl\/de\/wp-json\/wp\/v2\/users\/1"}],"replies":[{"embeddable":true,"href":"https:\/\/one-microsite.opzet-website.nl\/de\/wp-json\/wp\/v2\/comments?post=1200"}],"version-history":[{"count":0,"href":"https:\/\/one-microsite.opzet-website.nl\/de\/wp-json\/wp\/v2\/pages\/1200\/revisions"}],"wp:attachment":[{"href":"https:\/\/one-microsite.opzet-website.nl\/de\/wp-json\/wp\/v2\/media?parent=1200"}],"curies":[{"name":"wp","href":"https:\/\/api.w.org\/{rel}","templated":true}]}}